{"id":2027,"date":"2024-09-16T10:46:45","date_gmt":"2024-09-16T07:46:45","guid":{"rendered":"https:\/\/procoturkiye.com.tr\/katalog\/"},"modified":"2025-05-06T13:03:32","modified_gmt":"2025-05-06T10:03:32","slug":"catalogues","status":"publish","type":"page","link":"https:\/\/procoturkiye.com.tr\/en\/catalogues\/","title":{"rendered":"Catalogues"},"content":{"rendered":"\t\t<div data-elementor-type=\"wp-page\" data-elementor-id=\"2027\" class=\"elementor elementor-2027 elementor-409\" data-elementor-post-type=\"page\">\n\t\t\t\t\t\t<section class=\"elementor-section elementor-top-section elementor-element elementor-element-bca6a0a elementor-section-boxed elementor-section-height-default elementor-section-height-default\" data-id=\"bca6a0a\" data-element_type=\"section\" data-settings=\"{&quot;background_background&quot;:&quot;classic&quot;,&quot;mdp_selection_sticky_effect_enable&quot;:false}\">\n\t\t\t\t\t\t\t<div class=\"elementor-background-overlay\"><\/div>\n\t\t\t\t\t\t\t<div class=\"elementor-container elementor-column-gap-default\">\n\t\t\t\t\t<div class=\"elementor-column elementor-col-100 elementor-top-column elementor-element elementor-element-860086a\" data-id=\"860086a\" data-element_type=\"column\" data-settings=\"{&quot;mdp_selection_sticky_column_effect_enable&quot;:false}\">\n\t\t\t<div class=\"elementor-widget-wrap elementor-element-populated\">\n\t\t\t\t\t\t<div class=\"elementor-element elementor-element-c30ffdf elementor-widget elementor-widget-heading\" data-id=\"c30ffdf\" data-element_type=\"widget\" data-widget_type=\"heading.default\">\n\t\t\t\t<div class=\"elementor-widget-container\">\n\t\t\t\t\t<h1 class=\"elementor-heading-title elementor-size-default\">Catalogues<\/h1>\t\t\t\t<\/div>\n\t\t\t\t<\/div>\n\t\t\t\t\t<\/div>\n\t\t<\/div>\n\t\t\t\t\t<\/div>\n\t\t<\/section>\n\t\t<div class=\"elementor-element elementor-element-95014d7 e-flex e-con-boxed e-con e-parent\" data-id=\"95014d7\" data-element_type=\"container\">\n\t\t\t\t\t<div class=\"e-con-inner\">\n\t\t<a class=\"elementor-element elementor-element-879cee8 e-con-full e-flex e-con e-child\" data-id=\"879cee8\" data-element_type=\"container\" href=\"https:\/\/procoturkiye.com.tr\/wp-content\/uploads\/2024\/09\/ProCo-Beauty-Makaron-Sac-Fircasi.pdf\" target=\"_blank\">\n\t\t\t\t<div class=\"elementor-element elementor-element-721d7b1 elementor-widget elementor-widget-image\" data-id=\"721d7b1\" data-element_type=\"widget\" data-widget_type=\"image.default\">\n\t\t\t\t<div class=\"elementor-widget-container\">\n\t\t\t\t\t\t\t\t\t\t\t\t\t\t\t<img fetchpriority=\"high\" decoding=\"async\" width=\"1000\" height=\"350\" src=\"https:\/\/procoturkiye.com.tr\/wp-content\/uploads\/2024\/09\/makaron-1.png\" class=\"attachment-full size-full wp-image-498\" alt=\"\" srcset=\"https:\/\/procoturkiye.com.tr\/wp-content\/uploads\/2024\/09\/makaron-1.png 1000w, https:\/\/procoturkiye.com.tr\/wp-content\/uploads\/2024\/09\/makaron-1-300x105.png 300w, https:\/\/procoturkiye.com.tr\/wp-content\/uploads\/2024\/09\/makaron-1-768x269.png 768w, https:\/\/procoturkiye.com.tr\/wp-content\/uploads\/2024\/09\/makaron-1-600x210.png 600w\" sizes=\"(max-width: 1000px) 100vw, 1000px\" \/>\t\t\t\t\t\t\t\t\t\t\t\t\t\t\t<\/div>\n\t\t\t\t<\/div>\n\t\t\t\t<div class=\"elementor-element elementor-element-90affec elementor-widget elementor-widget-text-editor\" data-id=\"90affec\" data-element_type=\"widget\" data-widget_type=\"text-editor.default\">\n\t\t\t\t<div class=\"elementor-widget-container\">\n\t\t\t\t\t\t\t\t\t<p style=\"text-align: center\"><strong>ProCo Beauty Makaron Hair Brush Catalogue<\/strong><\/p>\t\t\t\t\t\t\t\t<\/div>\n\t\t\t\t<\/div>\n\t\t\t\t<\/a>\n\t\t<a class=\"elementor-element elementor-element-36b38f1 e-con-full e-flex e-con e-child\" data-id=\"36b38f1\" data-element_type=\"container\" href=\"https:\/\/procoturkiye.com.tr\/wp-content\/uploads\/2025\/05\/Proco_Katalog_ENG_Web_2025.pdf\" target=\"_blank\">\n\t\t\t\t<div class=\"elementor-element elementor-element-13b5941 elementor-widget elementor-widget-image\" data-id=\"13b5941\" data-element_type=\"widget\" data-widget_type=\"image.default\">\n\t\t\t\t<div class=\"elementor-widget-container\">\n\t\t\t\t\t\t\t\t\t\t\t\t\t\t\t<img decoding=\"async\" width=\"1000\" height=\"350\" src=\"https:\/\/procoturkiye.com.tr\/wp-content\/uploads\/2024\/09\/proco-beauty.png\" class=\"attachment-full size-full wp-image-500\" alt=\"\" srcset=\"https:\/\/procoturkiye.com.tr\/wp-content\/uploads\/2024\/09\/proco-beauty.png 1000w, https:\/\/procoturkiye.com.tr\/wp-content\/uploads\/2024\/09\/proco-beauty-300x105.png 300w, https:\/\/procoturkiye.com.tr\/wp-content\/uploads\/2024\/09\/proco-beauty-768x269.png 768w, https:\/\/procoturkiye.com.tr\/wp-content\/uploads\/2024\/09\/proco-beauty-600x210.png 600w\" sizes=\"(max-width: 1000px) 100vw, 1000px\" \/>\t\t\t\t\t\t\t\t\t\t\t\t\t\t\t<\/div>\n\t\t\t\t<\/div>\n\t\t\t\t<div class=\"elementor-element elementor-element-714622a elementor-widget elementor-widget-text-editor\" data-id=\"714622a\" data-element_type=\"widget\" data-widget_type=\"text-editor.default\">\n\t\t\t\t<div class=\"elementor-widget-container\">\n\t\t\t\t\t\t\t\t\t<p style=\"text-align: center\"><strong>ProCo Beauty Hair Brushes Catalogue<\/strong><\/p>\t\t\t\t\t\t\t\t<\/div>\n\t\t\t\t<\/div>\n\t\t\t\t<\/a>\n\t\t<a class=\"elementor-element elementor-element-142b24b e-con-full e-flex e-con e-child\" data-id=\"142b24b\" data-element_type=\"container\" href=\"https:\/\/procoturkiye.com.tr\/wp-content\/uploads\/2024\/09\/ProCo-Home-Bambu-Mutfak-Gerecleri.pdf\" target=\"_blank\">\n\t\t\t\t<div class=\"elementor-element elementor-element-a9777b2 elementor-widget elementor-widget-image\" data-id=\"a9777b2\" data-element_type=\"widget\" data-widget_type=\"image.default\">\n\t\t\t\t<div class=\"elementor-widget-container\">\n\t\t\t\t\t\t\t\t\t\t\t\t\t\t\t<img decoding=\"async\" width=\"1000\" height=\"350\" src=\"https:\/\/procoturkiye.com.tr\/wp-content\/uploads\/2024\/09\/proco-2.png\" class=\"attachment-full size-full wp-image-499\" alt=\"\" srcset=\"https:\/\/procoturkiye.com.tr\/wp-content\/uploads\/2024\/09\/proco-2.png 1000w, https:\/\/procoturkiye.com.tr\/wp-content\/uploads\/2024\/09\/proco-2-300x105.png 300w, https:\/\/procoturkiye.com.tr\/wp-content\/uploads\/2024\/09\/proco-2-768x269.png 768w, https:\/\/procoturkiye.com.tr\/wp-content\/uploads\/2024\/09\/proco-2-600x210.png 600w\" sizes=\"(max-width: 1000px) 100vw, 1000px\" \/>\t\t\t\t\t\t\t\t\t\t\t\t\t\t\t<\/div>\n\t\t\t\t<\/div>\n\t\t\t\t<div class=\"elementor-element elementor-element-3f213f0 elementor-widget elementor-widget-text-editor\" data-id=\"3f213f0\" data-element_type=\"widget\" data-widget_type=\"text-editor.default\">\n\t\t\t\t<div class=\"elementor-widget-container\">\n\t\t\t\t\t\t\t\t\t<p style=\"text-align: center\"><strong>ProCo Home Bamboo Kitchenware Catalogue<\/strong><\/p>\t\t\t\t\t\t\t\t<\/div>\n\t\t\t\t<\/div>\n\t\t\t\t<\/a>\n\t\t<a class=\"elementor-element elementor-element-775cd7c e-con-full e-flex e-con e-child\" data-id=\"775cd7c\" data-element_type=\"container\" href=\"https:\/\/procoturkiye.com.tr\/wp-content\/uploads\/2024\/09\/ProCo-Bambu-Kullan-At-Urunler.pdf\" target=\"_blank\">\n\t\t\t\t<div class=\"elementor-element elementor-element-ee0168f elementor-widget elementor-widget-image\" data-id=\"ee0168f\" data-element_type=\"widget\" data-widget_type=\"image.default\">\n\t\t\t\t<div class=\"elementor-widget-container\">\n\t\t\t\t\t\t\t\t\t\t\t\t\t\t\t<img decoding=\"async\" width=\"1000\" height=\"350\" src=\"https:\/\/procoturkiye.com.tr\/wp-content\/uploads\/2024\/09\/proco-2.png\" class=\"attachment-full size-full wp-image-499\" alt=\"\" srcset=\"https:\/\/procoturkiye.com.tr\/wp-content\/uploads\/2024\/09\/proco-2.png 1000w, https:\/\/procoturkiye.com.tr\/wp-content\/uploads\/2024\/09\/proco-2-300x105.png 300w, https:\/\/procoturkiye.com.tr\/wp-content\/uploads\/2024\/09\/proco-2-768x269.png 768w, https:\/\/procoturkiye.com.tr\/wp-content\/uploads\/2024\/09\/proco-2-600x210.png 600w\" sizes=\"(max-width: 1000px) 100vw, 1000px\" \/>\t\t\t\t\t\t\t\t\t\t\t\t\t\t\t<\/div>\n\t\t\t\t<\/div>\n\t\t\t\t<div class=\"elementor-element elementor-element-152a642 elementor-widget elementor-widget-text-editor\" data-id=\"152a642\" data-element_type=\"widget\" data-widget_type=\"text-editor.default\">\n\t\t\t\t<div class=\"elementor-widget-container\">\n\t\t\t\t\t\t\t\t\t<p style=\"text-align: center\"><strong>ProCo Bamboo Disposable Products Catalogue<\/strong><\/p>\t\t\t\t\t\t\t\t<\/div>\n\t\t\t\t<\/div>\n\t\t\t\t<\/a>\n\t\t\t\t\t<\/div>\n\t\t\t\t<\/div>\n\t\t\t\t<section class=\"elementor-section elementor-top-section elementor-element elementor-element-098a74f elementor-section-boxed elementor-section-height-default elementor-section-height-default\" data-id=\"098a74f\" data-element_type=\"section\" data-settings=\"{&quot;mdp_selection_sticky_effect_enable&quot;:false}\">\n\t\t\t\t\t\t<div class=\"elementor-container elementor-column-gap-default\">\n\t\t\t\t\t<div class=\"elementor-column elementor-col-100 elementor-top-column elementor-element elementor-element-80d5d51\" data-id=\"80d5d51\" data-element_type=\"column\" data-settings=\"{&quot;mdp_selection_sticky_column_effect_enable&quot;:false}\">\n\t\t\t<div class=\"elementor-widget-wrap elementor-element-populated\">\n\t\t\t\t\t\t<div class=\"elementor-element elementor-element-516acfb elementor-pagination-position-inside elementor-widget elementor-widget-image-carousel\" data-id=\"516acfb\" data-element_type=\"widget\" data-settings=\"{&quot;slides_to_show&quot;:&quot;4&quot;,&quot;slides_to_scroll&quot;:&quot;4&quot;,&quot;navigation&quot;:&quot;dots&quot;,&quot;image_spacing_custom&quot;:{&quot;unit&quot;:&quot;px&quot;,&quot;size&quot;:&quot;100&quot;,&quot;sizes&quot;:[]},&quot;slides_to_show_tablet&quot;:&quot;3&quot;,&quot;slides_to_scroll_tablet&quot;:&quot;3&quot;,&quot;autoplay&quot;:&quot;yes&quot;,&quot;pause_on_hover&quot;:&quot;yes&quot;,&quot;pause_on_interaction&quot;:&quot;yes&quot;,&quot;autoplay_speed&quot;:5000,&quot;infinite&quot;:&quot;yes&quot;,&quot;speed&quot;:500,&quot;image_spacing_custom_tablet&quot;:{&quot;unit&quot;:&quot;px&quot;,&quot;size&quot;:&quot;&quot;,&quot;sizes&quot;:[]},&quot;image_spacing_custom_mobile&quot;:{&quot;unit&quot;:&quot;px&quot;,&quot;size&quot;:&quot;&quot;,&quot;sizes&quot;:[]}}\" data-widget_type=\"image-carousel.default\">\n\t\t\t\t<div class=\"elementor-widget-container\">\n\t\t\t\t\t\t\t<div class=\"elementor-image-carousel-wrapper swiper\" role=\"region\" aria-roledescription=\"carousel\" aria-label=\"Resim D\u00f6ng\u00fcs\u00fc\" dir=\"ltr\">\n\t\t\t<div class=\"elementor-image-carousel swiper-wrapper swiper-image-stretch\" aria-live=\"off\">\n\t\t\t\t\t\t\t\t<div class=\"swiper-slide\" role=\"group\" aria-roledescription=\"slide\" aria-label=\"1 of 9\"><a data-elementor-open-lightbox=\"yes\" data-elementor-lightbox-slideshow=\"516acfb\" data-elementor-lightbox-title=\"ProCo-Logo6-(1)\" data-e-action-hash=\"#elementor-action%3Aaction%3Dlightbox%26settings%3DeyJpZCI6IjQ2MiIsInVybCI6Imh0dHBzOlwvXC9wcm9jb3R1cmtpeWUuY29tLnRyXC93cC1jb250ZW50XC91cGxvYWRzXC8yMDI0XC8wOVwvUHJvQ28tTG9nbzYtMS5wbmciLCJzbGlkZXNob3ciOiI1MTZhY2ZiIn0%3D\" href=\"https:\/\/procoturkiye.com.tr\/wp-content\/uploads\/2024\/09\/ProCo-Logo6-1.png\"><figure class=\"swiper-slide-inner\"><img decoding=\"async\" class=\"swiper-slide-image\" src=\"https:\/\/procoturkiye.com.tr\/wp-content\/uploads\/2024\/09\/ProCo-Logo6-1.png\" alt=\"ProCo-Logo6-(1)\" \/><\/figure><\/a><\/div><div class=\"swiper-slide\" role=\"group\" aria-roledescription=\"slide\" aria-label=\"2 of 9\"><a data-elementor-open-lightbox=\"yes\" data-elementor-lightbox-slideshow=\"516acfb\" data-elementor-lightbox-title=\"proco-internal\" data-e-action-hash=\"#elementor-action%3Aaction%3Dlightbox%26settings%3DeyJpZCI6IjUwMSIsInVybCI6Imh0dHBzOlwvXC9wcm9jb3R1cmtpeWUuY29tLnRyXC93cC1jb250ZW50XC91cGxvYWRzXC8yMDI0XC8wOVwvcHJvY28taW50ZXJuYWwucG5nIiwic2xpZGVzaG93IjoiNTE2YWNmYiJ9\" href=\"https:\/\/procoturkiye.com.tr\/wp-content\/uploads\/2024\/09\/proco-internal.png\"><figure class=\"swiper-slide-inner\"><img decoding=\"async\" class=\"swiper-slide-image\" src=\"https:\/\/procoturkiye.com.tr\/wp-content\/uploads\/2024\/09\/proco-internal.png\" alt=\"proco-internal\" \/><\/figure><\/a><\/div><div class=\"swiper-slide\" role=\"group\" aria-roledescription=\"slide\" aria-label=\"3 of 9\"><a data-elementor-open-lightbox=\"yes\" data-elementor-lightbox-slideshow=\"516acfb\" data-elementor-lightbox-title=\"proco\" data-e-action-hash=\"#elementor-action%3Aaction%3Dlightbox%26settings%3DeyJpZCI6IjQ5OSIsInVybCI6Imh0dHBzOlwvXC9wcm9jb3R1cmtpeWUuY29tLnRyXC93cC1jb250ZW50XC91cGxvYWRzXC8yMDI0XC8wOVwvcHJvY28tMi5wbmciLCJzbGlkZXNob3ciOiI1MTZhY2ZiIn0%3D\" href=\"https:\/\/procoturkiye.com.tr\/wp-content\/uploads\/2024\/09\/proco-2.png\"><figure class=\"swiper-slide-inner\"><img decoding=\"async\" class=\"swiper-slide-image\" src=\"https:\/\/procoturkiye.com.tr\/wp-content\/uploads\/2024\/09\/proco-2.png\" alt=\"proco\" \/><\/figure><\/a><\/div><div class=\"swiper-slide\" role=\"group\" aria-roledescription=\"slide\" aria-label=\"4 of 9\"><a data-elementor-open-lightbox=\"yes\" data-elementor-lightbox-slideshow=\"516acfb\" data-elementor-lightbox-title=\"proco-beauty\" data-e-action-hash=\"#elementor-action%3Aaction%3Dlightbox%26settings%3DeyJpZCI6IjUwMCIsInVybCI6Imh0dHBzOlwvXC9wcm9jb3R1cmtpeWUuY29tLnRyXC93cC1jb250ZW50XC91cGxvYWRzXC8yMDI0XC8wOVwvcHJvY28tYmVhdXR5LnBuZyIsInNsaWRlc2hvdyI6IjUxNmFjZmIifQ%3D%3D\" href=\"https:\/\/procoturkiye.com.tr\/wp-content\/uploads\/2024\/09\/proco-beauty.png\"><figure class=\"swiper-slide-inner\"><img decoding=\"async\" class=\"swiper-slide-image\" src=\"https:\/\/procoturkiye.com.tr\/wp-content\/uploads\/2024\/09\/proco-beauty.png\" alt=\"proco-beauty\" \/><\/figure><\/a><\/div><div class=\"swiper-slide\" role=\"group\" aria-roledescription=\"slide\" aria-label=\"5 of 9\"><a data-elementor-open-lightbox=\"yes\" data-elementor-lightbox-slideshow=\"516acfb\" data-elementor-lightbox-title=\"Proco Pro\" data-e-action-hash=\"#elementor-action%3Aaction%3Dlightbox%26settings%3DeyJpZCI6IjEzMDEiLCJ1cmwiOiJodHRwczpcL1wvcHJvY290dXJraXllLmNvbS50clwvd3AtY29udGVudFwvdXBsb2Fkc1wvMjAyNFwvMTFcL1Byb2NvLVByby5wbmciLCJzbGlkZXNob3ciOiI1MTZhY2ZiIn0%3D\" href=\"https:\/\/procoturkiye.com.tr\/wp-content\/uploads\/2024\/11\/Proco-Pro.png\"><figure class=\"swiper-slide-inner\"><img decoding=\"async\" class=\"swiper-slide-image\" src=\"https:\/\/procoturkiye.com.tr\/wp-content\/uploads\/2024\/11\/Proco-Pro.png\" alt=\"Proco Pro\" \/><\/figure><\/a><\/div><div class=\"swiper-slide\" role=\"group\" aria-roledescription=\"slide\" aria-label=\"6 of 9\"><a data-elementor-open-lightbox=\"yes\" data-elementor-lightbox-slideshow=\"516acfb\" data-elementor-lightbox-title=\"Proco Kids2\" data-e-action-hash=\"#elementor-action%3Aaction%3Dlightbox%26settings%3DeyJpZCI6IjEzMDAiLCJ1cmwiOiJodHRwczpcL1wvcHJvY290dXJraXllLmNvbS50clwvd3AtY29udGVudFwvdXBsb2Fkc1wvMjAyNFwvMTFcL1Byb2NvLUtpZHMyLnBuZyIsInNsaWRlc2hvdyI6IjUxNmFjZmIifQ%3D%3D\" href=\"https:\/\/procoturkiye.com.tr\/wp-content\/uploads\/2024\/11\/Proco-Kids2.png\"><figure class=\"swiper-slide-inner\"><img decoding=\"async\" class=\"swiper-slide-image\" src=\"https:\/\/procoturkiye.com.tr\/wp-content\/uploads\/2024\/11\/Proco-Kids2.png\" alt=\"Proco Kids2\" \/><\/figure><\/a><\/div><div class=\"swiper-slide\" role=\"group\" aria-roledescription=\"slide\" aria-label=\"7 of 9\"><a data-elementor-open-lightbox=\"yes\" data-elementor-lightbox-slideshow=\"516acfb\" data-elementor-lightbox-title=\"makaron\" data-e-action-hash=\"#elementor-action%3Aaction%3Dlightbox%26settings%3DeyJpZCI6IjQ5OCIsInVybCI6Imh0dHBzOlwvXC9wcm9jb3R1cmtpeWUuY29tLnRyXC93cC1jb250ZW50XC91cGxvYWRzXC8yMDI0XC8wOVwvbWFrYXJvbi0xLnBuZyIsInNsaWRlc2hvdyI6IjUxNmFjZmIifQ%3D%3D\" href=\"https:\/\/procoturkiye.com.tr\/wp-content\/uploads\/2024\/09\/makaron-1.png\"><figure class=\"swiper-slide-inner\"><img decoding=\"async\" class=\"swiper-slide-image\" src=\"https:\/\/procoturkiye.com.tr\/wp-content\/uploads\/2024\/09\/makaron-1.png\" alt=\"makaron\" \/><\/figure><\/a><\/div><div class=\"swiper-slide\" role=\"group\" aria-roledescription=\"slide\" aria-label=\"8 of 9\"><a data-elementor-open-lightbox=\"yes\" data-elementor-lightbox-slideshow=\"516acfb\" data-elementor-lightbox-title=\"proco_home\" data-e-action-hash=\"#elementor-action%3Aaction%3Dlightbox%26settings%3DeyJpZCI6IjU3NCIsInVybCI6Imh0dHBzOlwvXC9wcm9jb3R1cmtpeWUuY29tLnRyXC93cC1jb250ZW50XC91cGxvYWRzXC8yMDI0XC8wOVwvcHJvY29faG9tZS5wbmciLCJzbGlkZXNob3ciOiI1MTZhY2ZiIn0%3D\" href=\"https:\/\/procoturkiye.com.tr\/wp-content\/uploads\/2024\/09\/proco_home.png\"><figure class=\"swiper-slide-inner\"><img decoding=\"async\" class=\"swiper-slide-image\" src=\"https:\/\/procoturkiye.com.tr\/wp-content\/uploads\/2024\/09\/proco_home.png\" alt=\"proco_home\" \/><\/figure><\/a><\/div><div class=\"swiper-slide\" role=\"group\" aria-roledescription=\"slide\" aria-label=\"9 of 9\"><a data-elementor-open-lightbox=\"yes\" data-elementor-lightbox-slideshow=\"516acfb\" data-elementor-lightbox-title=\"procomax\" data-e-action-hash=\"#elementor-action%3Aaction%3Dlightbox%26settings%3DeyJpZCI6IjUwMiIsInVybCI6Imh0dHBzOlwvXC9wcm9jb3R1cmtpeWUuY29tLnRyXC93cC1jb250ZW50XC91cGxvYWRzXC8yMDI0XC8wOVwvcHJvY29tYXgucG5nIiwic2xpZGVzaG93IjoiNTE2YWNmYiJ9\" href=\"https:\/\/procoturkiye.com.tr\/wp-content\/uploads\/2024\/09\/procomax.png\"><figure class=\"swiper-slide-inner\"><img decoding=\"async\" class=\"swiper-slide-image\" src=\"https:\/\/procoturkiye.com.tr\/wp-content\/uploads\/2024\/09\/procomax.png\" alt=\"procomax\" \/><\/figure><\/a><\/div>\t\t\t<\/div>\n\t\t\t\t\t\t\t\n\t\t\t\t\t\t\t\t\t<div class=\"swiper-pagination\"><\/div>\n\t\t\t\t\t\t\t\t\t<\/div>\n\t\t\t\t\t\t<\/div>\n\t\t\t\t<\/div>\n\t\t\t\t\t<\/div>\n\t\t<\/div>\n\t\t\t\t\t<\/div>\n\t\t<\/section>\n\t\t\t\t<\/div>\n\t\t","protected":false},"excerpt":{"rendered":"<p>Catalogues ProCo Beauty Makaron Hair Brush Catalogue ProCo Beauty Hair Brushes Catalogue ProCo Home Bamboo Kitchenware Catalogue ProCo Bamboo Disposable Products Catalogue<\/p>\n","protected":false},"author":1,"featured_media":0,"parent":0,"menu_order":0,"comment_status":"closed","ping_status":"closed","template":"elementor_header_footer","meta":{"_joinchat":[],"footnotes":""},"class_list":["post-2027","page","type-page","status-publish","hentry"],"_links":{"self":[{"href":"https:\/\/procoturkiye.com.tr\/en\/wp-json\/wp\/v2\/pages\/2027","targetHints":{"allow":["GET"]}}],"collection":[{"href":"https:\/\/procoturkiye.com.tr\/en\/wp-json\/wp\/v2\/pages"}],"about":[{"href":"https:\/\/procoturkiye.com.tr\/en\/wp-json\/wp\/v2\/types\/page"}],"author":[{"embeddable":true,"href":"https:\/\/procoturkiye.com.tr\/en\/wp-json\/wp\/v2\/users\/1"}],"replies":[{"embeddable":true,"href":"https:\/\/procoturkiye.com.tr\/en\/wp-json\/wp\/v2\/comments?post=2027"}],"version-history":[{"count":15,"href":"https:\/\/procoturkiye.com.tr\/en\/wp-json\/wp\/v2\/pages\/2027\/revisions"}],"predecessor-version":[{"id":3665,"href":"https:\/\/procoturkiye.com.tr\/en\/wp-json\/wp\/v2\/pages\/2027\/revisions\/3665"}],"wp:attachment":[{"href":"https:\/\/procoturkiye.com.tr\/en\/wp-json\/wp\/v2\/media?parent=2027"}],"curies":[{"name":"wp","href":"https:\/\/api.w.org\/{rel}","templated":true}]}}